{"id":3072,"date":"2024-02-07T21:10:10","date_gmt":"2024-02-07T21:10:10","guid":{"rendered":"https:\/\/startersites.io\/elementor\/garderobe\/?page_id=3072"},"modified":"2026-03-03T12:02:04","modified_gmt":"2026-03-03T12:02:04","slug":"home","status":"publish","type":"page","link":"https:\/\/cadourapid.com\/","title":{"rendered":"Home"},"content":{"rendered":"\t\t<div data-elementor-type=\"wp-page\" data-elementor-id=\"3072\" class=\"elementor elementor-3072\">\n\t\t\t\t<div class=\"elementor-element elementor-element-2ccca22 e-con-full e-flex e-con e-parent\" data-id=\"2ccca22\" data-element_type=\"container\" data-e-type=\"container\" data-settings=\"{&quot;background_background&quot;:&quot;classic&quot;}\">\n\t\t<div class=\"elementor-element elementor-element-2958ee1 elementor-hidden-desktop elementor-hidden-mobile e-flex e-con-boxed e-con e-child\" data-id=\"2958ee1\" data-element_type=\"container\" data-e-type=\"container\">\n\t\t\t\t\t<div class=\"e-con-inner\">\n\t\t\t\t<div class=\"elementor-element elementor-element-79c53bf elementor-widget elementor-widget-heading\" data-id=\"79c53bf\" data-element_type=\"widget\" data-e-type=\"widget\" data-widget_type=\"heading.default\">\n\t\t\t\t\t<h2 class=\"elementor-heading-title elementor-size-default\">Magnet Personalizat<\/h2>\t\t\t\t<\/div>\n\t\t\t\t\t<\/div>\n\t\t\t\t<\/div>\n\t\t<div class=\"elementor-element elementor-element-6f4c99a e-flex e-con-boxed e-con e-child\" data-id=\"6f4c99a\" data-element_type=\"container\" data-e-type=\"container\" data-settings=\"{&quot;background_background&quot;:&quot;classic&quot;}\">\n\t\t\t\t\t<div class=\"e-con-inner\">\n\t\t<div class=\"elementor-element elementor-element-73fa222 e-con-full elementor-hidden-tablet e-flex e-con e-child\" data-id=\"73fa222\" data-element_type=\"container\" data-e-type=\"container\">\n\t\t\t\t<div class=\"elementor-element elementor-element-4e7b206 elementor-widget elementor-widget-heading\" data-id=\"4e7b206\" data-element_type=\"widget\" data-e-type=\"widget\" data-widget_type=\"heading.default\">\n\t\t\t\t\t<h2 class=\"elementor-heading-title elementor-size-default\">Magnet personalizat<\/h2>\t\t\t\t<\/div>\n\t\t\t\t<div class=\"elementor-element elementor-element-68b9ba5 elementor-hidden-desktop elementor-hidden-tablet elementor-widget elementor-widget-spacer\" data-id=\"68b9ba5\" data-element_type=\"widget\" data-e-type=\"widget\" data-widget_type=\"spacer.default\">\n\t\t\t\t\t\t\t<div class=\"elementor-spacer\">\n\t\t\t<div class=\"elementor-spacer-inner\"><\/div>\n\t\t<\/div>\n\t\t\t\t\t\t<\/div>\n\t\t\t\t<div class=\"elementor-element elementor-element-09a5a33 elementor-hidden-desktop elementor-widget elementor-widget-spacer\" data-id=\"09a5a33\" data-element_type=\"widget\" data-e-type=\"widget\" data-widget_type=\"spacer.default\">\n\t\t\t\t\t\t\t<div class=\"elementor-spacer\">\n\t\t\t<div class=\"elementor-spacer-inner\"><\/div>\n\t\t<\/div>\n\t\t\t\t\t\t<\/div>\n\t\t\t\t<div class=\"elementor-element elementor-element-f078b75 elementor-widget__width-inherit elementor-hidden-mobile elementor-widget elementor-widget-text-editor\" data-id=\"f078b75\" data-element_type=\"widget\" data-e-type=\"widget\" data-widget_type=\"text-editor.default\">\n\t\t\t\t\t\t\t\t\t<p>P\u0103streaz\u0103 momentele speciale mereu la vedere.\u00a0<\/p>\t\t\t\t\t\t\t\t<\/div>\n\t\t<div class=\"elementor-element elementor-element-ccd30c1 e-con-full elementor-hidden-mobile e-flex e-con e-child\" data-id=\"ccd30c1\" data-element_type=\"container\" data-e-type=\"container\">\n\t\t\t\t<div class=\"elementor-element elementor-element-cee1627 elementor-mobile-position-inline-start elementor-widget__width-inherit elementor-view-default elementor-position-block-start elementor-widget elementor-widget-icon-box\" data-id=\"cee1627\" data-element_type=\"widget\" data-e-type=\"widget\" data-widget_type=\"icon-box.default\">\n\t\t\t\t\t\t\t<div class=\"elementor-icon-box-wrapper\">\n\n\t\t\t\t\t\t<div class=\"elementor-icon-box-icon\">\n\t\t\t\t<span  class=\"elementor-icon\">\n\t\t\t\t<svg aria-hidden=\"true\" class=\"e-font-icon-svg e-fas-check-circle\" viewBox=\"0 0 512 512\" xmlns=\"http:\/\/www.w3.org\/2000\/svg\"><path d=\"M504 256c0 136.967-111.033 248-248 248S8 392.967 8 256 119.033 8 256 8s248 111.033 248 248zM227.314 387.314l184-184c6.248-6.248 6.248-16.379 0-22.627l-22.627-22.627c-6.248-6.249-16.379-6.249-22.628 0L216 308.118l-70.059-70.059c-6.248-6.248-16.379-6.248-22.628 0l-22.627 22.627c-6.248 6.248-6.248 16.379 0 22.627l104 104c6.249 6.249 16.379 6.249 22.628.001z\"><\/path><\/svg>\t\t\t\t<\/span>\n\t\t\t<\/div>\n\t\t\t\n\t\t\t\t\t\t<div class=\"elementor-icon-box-content\">\n\n\t\t\t\t\t\t\t\t\t<p class=\"elementor-icon-box-title\">\n\t\t\t\t\t\t<span  >\n\t\t\t\t\t\t\tCadoul Ideal\t\t\t\t\t\t<\/span>\n\t\t\t\t\t<\/p>\n\t\t\t\t\n\t\t\t\t\n\t\t\t<\/div>\n\t\t\t\n\t\t<\/div>\n\t\t\t\t\t\t<\/div>\n\t\t\t\t<div class=\"elementor-element elementor-element-17ba974 elementor-mobile-position-inline-start elementor-widget__width-inherit elementor-view-default elementor-widget elementor-widget-icon-box\" data-id=\"17ba974\" data-element_type=\"widget\" data-e-type=\"widget\" data-widget_type=\"icon-box.default\">\n\t\t\t\t\t\t\t<div class=\"elementor-icon-box-wrapper\">\n\n\t\t\t\t\t\t<div class=\"elementor-icon-box-icon\">\n\t\t\t\t<span  class=\"elementor-icon\">\n\t\t\t\t<svg aria-hidden=\"true\" class=\"e-font-icon-svg e-fas-check-circle\" viewBox=\"0 0 512 512\" xmlns=\"http:\/\/www.w3.org\/2000\/svg\"><path d=\"M504 256c0 136.967-111.033 248-248 248S8 392.967 8 256 119.033 8 256 8s248 111.033 248 248zM227.314 387.314l184-184c6.248-6.248 6.248-16.379 0-22.627l-22.627-22.627c-6.248-6.249-16.379-6.249-22.628 0L216 308.118l-70.059-70.059c-6.248-6.248-16.379-6.248-22.628 0l-22.627 22.627c-6.248 6.248-6.248 16.379 0 22.627l104 104c6.249 6.249 16.379 6.249 22.628.001z\"><\/path><\/svg>\t\t\t\t<\/span>\n\t\t\t<\/div>\n\t\t\t\n\t\t\t\t\t\t<div class=\"elementor-icon-box-content\">\n\n\t\t\t\t\t\t\t\t\t<p class=\"elementor-icon-box-title\">\n\t\t\t\t\t\t<span  >\n\t\t\t\t\t\t\tCulori vibrante\t\t\t\t\t\t<\/span>\n\t\t\t\t\t<\/p>\n\t\t\t\t\n\t\t\t\t\n\t\t\t<\/div>\n\t\t\t\n\t\t<\/div>\n\t\t\t\t\t\t<\/div>\n\t\t\t\t<div class=\"elementor-element elementor-element-ff789b2 elementor-mobile-position-inline-start elementor-widget__width-inherit elementor-view-default elementor-widget elementor-widget-icon-box\" data-id=\"ff789b2\" data-element_type=\"widget\" data-e-type=\"widget\" data-widget_type=\"icon-box.default\">\n\t\t\t\t\t\t\t<div class=\"elementor-icon-box-wrapper\">\n\n\t\t\t\t\t\t<div class=\"elementor-icon-box-icon\">\n\t\t\t\t<span  class=\"elementor-icon\">\n\t\t\t\t<svg aria-hidden=\"true\" class=\"e-font-icon-svg e-fas-check-circle\" viewBox=\"0 0 512 512\" xmlns=\"http:\/\/www.w3.org\/2000\/svg\"><path d=\"M504 256c0 136.967-111.033 248-248 248S8 392.967 8 256 119.033 8 256 8s248 111.033 248 248zM227.314 387.314l184-184c6.248-6.248 6.248-16.379 0-22.627l-22.627-22.627c-6.248-6.249-16.379-6.249-22.628 0L216 308.118l-70.059-70.059c-6.248-6.248-16.379-6.248-22.628 0l-22.627 22.627c-6.248 6.248-6.248 16.379 0 22.627l104 104c6.249 6.249 16.379 6.249 22.628.001z\"><\/path><\/svg>\t\t\t\t<\/span>\n\t\t\t<\/div>\n\t\t\t\n\t\t\t\t\t\t<div class=\"elementor-icon-box-content\">\n\n\t\t\t\t\t\t\t\t\t<p class=\"elementor-icon-box-title\">\n\t\t\t\t\t\t<span  >\n\t\t\t\t\t\t\tLivrare rapida\t\t\t\t\t\t<\/span>\n\t\t\t\t\t<\/p>\n\t\t\t\t\n\t\t\t\t\n\t\t\t<\/div>\n\t\t\t\n\t\t<\/div>\n\t\t\t\t\t\t<\/div>\n\t\t\t\t<\/div>\n\t\t\t\t<div class=\"elementor-element elementor-element-45b0337 elementor-tablet-align-center elementor-hidden-mobile elementor-widget elementor-widget-button\" data-id=\"45b0337\" data-element_type=\"widget\" data-e-type=\"widget\" data-widget_type=\"button.default\">\n\t\t\t\t\t\t\t\t\t\t<a class=\"elementor-button elementor-button-link elementor-size-md\" href=\"https:\/\/cadourapid.com\/?product=magnet-personalizat\">\n\t\t\t\t\t\t<span class=\"elementor-button-content-wrapper\">\n\t\t\t\t\t\t\t\t\t<span class=\"elementor-button-text\">Cumpara acum<\/span>\n\t\t\t\t\t<\/span>\n\t\t\t\t\t<\/a>\n\t\t\t\t\t\t\t\t<\/div>\n\t\t\t\t<\/div>\n\t\t\t\t\t<\/div>\n\t\t\t\t<\/div>\n\t\t<div class=\"elementor-element elementor-element-68d35a2 elementor-hidden-desktop e-flex e-con-boxed e-con e-child\" data-id=\"68d35a2\" data-element_type=\"container\" data-e-type=\"container\">\n\t\t\t\t\t<div class=\"e-con-inner\">\n\t\t\t\t<div class=\"elementor-element elementor-element-221aec9 elementor-widget elementor-widget-button\" data-id=\"221aec9\" data-element_type=\"widget\" data-e-type=\"widget\" data-widget_type=\"button.default\">\n\t\t\t\t\t\t\t\t\t\t<a class=\"elementor-button elementor-button-link elementor-size-sm\" href=\"https:\/\/cadourapid.com\/?product=magnet-personalizat\">\n\t\t\t\t\t\t<span class=\"elementor-button-content-wrapper\">\n\t\t\t\t\t\t\t\t\t<span class=\"elementor-button-text\">CUMPARA ACUM<\/span>\n\t\t\t\t\t<\/span>\n\t\t\t\t\t<\/a>\n\t\t\t\t\t\t\t\t<\/div>\n\t\t\t\t<div class=\"elementor-element elementor-element-1a6bb7d elementor-hidden-desktop elementor-widget elementor-widget-spacer\" data-id=\"1a6bb7d\" data-element_type=\"widget\" data-e-type=\"widget\" data-widget_type=\"spacer.default\">\n\t\t\t\t\t\t\t<div class=\"elementor-spacer\">\n\t\t\t<div class=\"elementor-spacer-inner\"><\/div>\n\t\t<\/div>\n\t\t\t\t\t\t<\/div>\n\t\t\t\t\t<\/div>\n\t\t\t\t<\/div>\n\t\t\t\t<\/div>\n\t\t<div class=\"elementor-element elementor-element-8005e44 e-grid e-con-boxed e-con e-parent\" data-id=\"8005e44\" data-element_type=\"container\" data-e-type=\"container\" data-settings=\"{&quot;background_background&quot;:&quot;classic&quot;}\">\n\t\t\t\t\t<div class=\"e-con-inner\">\n\t\t\t\t<div class=\"elementor-element elementor-element-97678dc elementor-position-top elementor-widget elementor-widget-image-box\" data-id=\"97678dc\" data-element_type=\"widget\" data-e-type=\"widget\" data-widget_type=\"image-box.default\">\n\t\t\t\t\t<div class=\"elementor-image-box-wrapper\"><figure class=\"elementor-image-box-img\"><img decoding=\"async\" width=\"55\" height=\"49\" src=\"https:\/\/cadourapid.com\/wp-content\/uploads\/2021\/12\/home-page-icon-1-white-2.svg\" class=\"attachment-full size-full wp-image-685\" alt=\"\" \/><\/figure><div class=\"elementor-image-box-content\"><h5 class=\"elementor-image-box-title\">Plata securizata<\/h5><p class=\"elementor-image-box-description\">Plat\u0103 100% sigur\u0103<\/p><\/div><\/div>\t\t\t\t<\/div>\n\t\t\t\t<div class=\"elementor-element elementor-element-5c99952 elementor-position-top elementor-widget elementor-widget-image-box\" data-id=\"5c99952\" data-element_type=\"widget\" data-e-type=\"widget\" data-widget_type=\"image-box.default\">\n\t\t\t\t\t<div class=\"elementor-image-box-wrapper\"><figure class=\"elementor-image-box-img\"><img decoding=\"async\" width=\"55\" height=\"56\" src=\"https:\/\/cadourapid.com\/wp-content\/uploads\/2021\/12\/home-page-icon-2-white-2.svg\" class=\"attachment-full size-full wp-image-686\" alt=\"\" \/><\/figure><div class=\"elementor-image-box-content\"><h5 class=\"elementor-image-box-title\">Retur \u00een 30 de zile<\/h5><p class=\"elementor-image-box-description\">Retur garantat dac\u0103 produsul prezint\u0103 probleme<\/p><\/div><\/div>\t\t\t\t<\/div>\n\t\t\t\t<div class=\"elementor-element elementor-element-655e67b elementor-position-top elementor-widget elementor-widget-image-box\" data-id=\"655e67b\" data-element_type=\"widget\" data-e-type=\"widget\" data-widget_type=\"image-box.default\">\n\t\t\t\t\t<div class=\"elementor-image-box-wrapper\"><figure class=\"elementor-image-box-img\"><img decoding=\"async\" width=\"49\" height=\"56\" src=\"https:\/\/cadourapid.com\/wp-content\/uploads\/2021\/12\/home-page-icon-3-white-2.svg\" class=\"attachment-full size-full wp-image-684\" alt=\"\" \/><\/figure><div class=\"elementor-image-box-content\"><h5 class=\"elementor-image-box-title\">Suport 24\/7<\/h5><p class=\"elementor-image-box-description\">Asisten\u021b\u0103 dedicat\u0103 clien\u021bilor<\/p><\/div><\/div>\t\t\t\t<\/div>\n\t\t\t\t\t<\/div>\n\t\t\t\t<\/div>\n\t\t<div class=\"elementor-element elementor-element-54c5e3b e-flex e-con-boxed e-con e-parent\" data-id=\"54c5e3b\" data-element_type=\"container\" data-e-type=\"container\">\n\t\t\t\t\t<div class=\"e-con-inner\">\n\t\t<div class=\"elementor-element elementor-element-1179d03 e-con-full e-flex e-con e-child\" data-id=\"1179d03\" data-element_type=\"container\" data-e-type=\"container\">\n\t\t\t\t<div class=\"elementor-element elementor-element-efb91b5 elementor-widget elementor-widget-text-editor\" data-id=\"efb91b5\" data-element_type=\"widget\" data-e-type=\"widget\" data-widget_type=\"text-editor.default\">\n\t\t\t\t\t\t\t\t\t<p>Descopera cele mai noi produse<\/p>\t\t\t\t\t\t\t\t<\/div>\n\t\t\t\t<div class=\"elementor-element elementor-element-264397b elementor-widget elementor-widget-heading\" data-id=\"264397b\" data-element_type=\"widget\" data-e-type=\"widget\" data-widget_type=\"heading.default\">\n\t\t\t\t\t<h2 class=\"elementor-heading-title elementor-size-default\">Produse Noi<\/h2>\t\t\t\t<\/div>\n\t\t\t\t<\/div>\n\t\t<div class=\"elementor-element elementor-element-4553b71 e-con-full e-flex e-con e-child\" data-id=\"4553b71\" data-element_type=\"container\" data-e-type=\"container\">\n\t\t\t\t<\/div>\n\t\t\t\t\t<\/div>\n\t\t\t\t<\/div>\n\t\t<div class=\"elementor-element elementor-element-a5be057 e-flex e-con-boxed e-con e-parent\" data-id=\"a5be057\" data-element_type=\"container\" data-e-type=\"container\">\n\t\t\t\t\t<div class=\"e-con-inner\">\n\t\t\t\t<div class=\"elementor-element elementor-element-58df521 elementor-widget-tablet__width-inherit elementor-widget elementor-widget-shortcode\" data-id=\"58df521\" data-element_type=\"widget\" data-e-type=\"widget\" data-widget_type=\"shortcode.default\">\n\t\t\t\t\t\t\t<div class=\"elementor-shortcode\"><div class=\"woocommerce columns-4 \"><ul class=\"products columns-4\" data-products=\"type-1\" data-hover=\"zoom-in\">\n<li class=\"product type-product post-3541 status-publish first instock product_cat-lucruri-personalizate has-post-thumbnail sale shipping-taxable purchasable product-type-simple\">\n\t<a href=\"https:\/\/cadourapid.com\/?product=cana-personalizata\" class=\"woocommerce-LoopProduct-link woocommerce-loop-product__link\">\n\t<span class=\"onsale\" data-shape=\"type-2\">SALE<\/span>\n\t<img loading=\"lazy\" decoding=\"async\" width=\"300\" height=\"300\" src=\"https:\/\/cadourapid.com\/wp-content\/uploads\/2026\/03\/PozaCana1-300x300.jpg\" class=\"attachment-woocommerce_thumbnail size-woocommerce_thumbnail\" alt=\"Cana Personalizata\" srcset=\"https:\/\/cadourapid.com\/wp-content\/uploads\/2026\/03\/PozaCana1-300x300.jpg 300w, https:\/\/cadourapid.com\/wp-content\/uploads\/2026\/03\/PozaCana1-150x150.jpg 150w, https:\/\/cadourapid.com\/wp-content\/uploads\/2026\/03\/PozaCana1-100x100.jpg 100w\" sizes=\"(max-width: 300px) 100vw, 300px\" \/><h2 class=\"woocommerce-loop-product__title\">Cana Personalizata<\/h2>\n\t<span class=\"price\"><span class=\"sale-price\"><del aria-hidden=\"true\"><span class=\"woocommerce-Price-amount amount\"><bdi><span class=\"woocommerce-Price-currencySymbol\">lei<\/span>49.90<\/bdi><\/span><\/del> <span class=\"screen-reader-text\">Original price was: lei49.90.<\/span><ins aria-hidden=\"true\"><span class=\"woocommerce-Price-amount amount\"><bdi><span class=\"woocommerce-Price-currencySymbol\">lei<\/span>29.90<\/bdi><\/span><\/ins><span class=\"screen-reader-text\">Current price is: lei29.90.<\/span><\/span><\/span>\n<\/a><a href=\"\/index.php?rest_route=%2Fwp%2Fv2%2Fpages%2F3072&#038;add-to-cart=3541\" aria-describedby=\"woocommerce_loop_add_to_cart_link_describedby_3541\" data-quantity=\"1\" class=\"button product_type_simple add_to_cart_button ajax_add_to_cart\" data-product_id=\"3541\" data-product_sku=\"\" aria-label=\"Add to cart: &ldquo;Cana Personalizata&rdquo;\" rel=\"nofollow\" data-success_message=\"&ldquo;Cana Personalizata&rdquo; has been added to your cart\" role=\"button\">Add to cart<\/a>\t<span id=\"woocommerce_loop_add_to_cart_link_describedby_3541\" class=\"screen-reader-text\">\n\t\t\t<\/span>\n<\/li>\n<li class=\"product type-product post-3437 status-publish instock product_cat-lucruri-personalizate has-post-thumbnail sale shipping-taxable purchasable product-type-simple\">\n\t<a href=\"https:\/\/cadourapid.com\/?product=magnet-personalizat\" class=\"woocommerce-LoopProduct-link woocommerce-loop-product__link\">\n\t<span class=\"onsale\" data-shape=\"type-2\">SALE<\/span>\n\t<img loading=\"lazy\" decoding=\"async\" width=\"300\" height=\"300\" src=\"https:\/\/cadourapid.com\/wp-content\/uploads\/2026\/02\/PozaSiteAi-300x300.png\" class=\"attachment-woocommerce_thumbnail size-woocommerce_thumbnail\" alt=\"Magnet personalizat\" srcset=\"https:\/\/cadourapid.com\/wp-content\/uploads\/2026\/02\/PozaSiteAi-300x300.png 300w, https:\/\/cadourapid.com\/wp-content\/uploads\/2026\/02\/PozaSiteAi-150x150.png 150w, https:\/\/cadourapid.com\/wp-content\/uploads\/2026\/02\/PozaSiteAi-100x100.png 100w\" sizes=\"(max-width: 300px) 100vw, 300px\" \/><h2 class=\"woocommerce-loop-product__title\">Magnet personalizat<\/h2>\n\t<span class=\"price\"><span class=\"sale-price\"><del aria-hidden=\"true\"><span class=\"woocommerce-Price-amount amount\"><bdi><span class=\"woocommerce-Price-currencySymbol\">lei<\/span>30.00<\/bdi><\/span><\/del> <span class=\"screen-reader-text\">Original price was: lei30.00.<\/span><ins aria-hidden=\"true\"><span class=\"woocommerce-Price-amount amount\"><bdi><span class=\"woocommerce-Price-currencySymbol\">lei<\/span>19.90<\/bdi><\/span><\/ins><span class=\"screen-reader-text\">Current price is: lei19.90.<\/span><\/span><\/span>\n<\/a><a href=\"\/index.php?rest_route=%2Fwp%2Fv2%2Fpages%2F3072&#038;add-to-cart=3437\" aria-describedby=\"woocommerce_loop_add_to_cart_link_describedby_3437\" data-quantity=\"1\" class=\"button product_type_simple add_to_cart_button ajax_add_to_cart\" data-product_id=\"3437\" data-product_sku=\"\" aria-label=\"Add to cart: &ldquo;Magnet personalizat&rdquo;\" rel=\"nofollow\" data-success_message=\"&ldquo;Magnet personalizat&rdquo; has been added to your cart\" role=\"button\">Add to cart<\/a>\t<span id=\"woocommerce_loop_add_to_cart_link_describedby_3437\" class=\"screen-reader-text\">\n\t\t\t<\/span>\n<\/li>\n<\/ul>\n<\/div><\/div>\n\t\t\t\t\t\t<\/div>\n\t\t\t\t\t<\/div>\n\t\t\t\t<\/div>\n\t\t<div class=\"elementor-element elementor-element-f932cc4 e-flex e-con-boxed e-con e-parent\" data-id=\"f932cc4\" data-element_type=\"container\" data-e-type=\"container\">\n\t\t\t\t\t<div class=\"e-con-inner\">\n\t\t<div class=\"elementor-element elementor-element-a5a781f e-con-full e-flex e-con e-child\" data-id=\"a5a781f\" data-element_type=\"container\" data-e-type=\"container\" data-settings=\"{&quot;background_background&quot;:&quot;classic&quot;}\">\n\t\t\t\t<div class=\"elementor-element elementor-element-e46fa57 elementor-widget elementor-widget-heading\" data-id=\"e46fa57\" data-element_type=\"widget\" data-e-type=\"widget\" data-widget_type=\"heading.default\">\n\t\t\t\t\t<h2 class=\"elementor-heading-title elementor-size-default\">Cum realizam produsele tale personalizate<\/h2>\t\t\t\t<\/div>\n\t\t\t\t<div class=\"elementor-element elementor-element-532a982 elementor-widget elementor-widget-text-editor\" data-id=\"532a982\" data-element_type=\"widget\" data-e-type=\"widget\" data-widget_type=\"text-editor.default\">\n\t\t\t\t\t\t\t\t\t<p>Fiecare comand\u0103 este realizat\u0103 cu grij\u0103 \u00een atelierul nostru.<br data-start=\"883\" data-end=\"886\" \/>Folosim echipamente profesionale de imprimare \u0219i presare pentru a ob\u021bine culori vibrante \u0219i rezisten\u021b\u0103 \u00een timp.<br data-start=\"999\" data-end=\"1002\" \/>Verific\u0103m manual fiecare produs \u00eenainte de livrare pentru a ne asigura c\u0103 prime\u0219ti un cadou perfect.<\/p>\t\t\t\t\t\t\t\t<\/div>\n\t\t\t\t<div class=\"elementor-element elementor-element-6031d7a elementor-widget elementor-widget-image\" data-id=\"6031d7a\" data-element_type=\"widget\" data-e-type=\"widget\" data-widget_type=\"image.default\">\n\t\t\t\t\t\t\t\t\t\t\t\t\t\t\t<img loading=\"lazy\" decoding=\"async\" width=\"1669\" height=\"883\" src=\"https:\/\/cadourapid.com\/wp-content\/uploads\/2026\/02\/CadouRapidLogo.jpg\" class=\"attachment-full size-full wp-image-3448\" alt=\"\" srcset=\"https:\/\/cadourapid.com\/wp-content\/uploads\/2026\/02\/CadouRapidLogo.jpg 1669w, https:\/\/cadourapid.com\/wp-content\/uploads\/2026\/02\/CadouRapidLogo-300x159.jpg 300w, https:\/\/cadourapid.com\/wp-content\/uploads\/2026\/02\/CadouRapidLogo-1024x542.jpg 1024w, https:\/\/cadourapid.com\/wp-content\/uploads\/2026\/02\/CadouRapidLogo-768x406.jpg 768w, https:\/\/cadourapid.com\/wp-content\/uploads\/2026\/02\/CadouRapidLogo-1536x813.jpg 1536w, https:\/\/cadourapid.com\/wp-content\/uploads\/2026\/02\/CadouRapidLogo-600x317.jpg 600w\" sizes=\"(max-width: 1669px) 100vw, 1669px\" \/>\t\t\t\t\t\t\t\t\t\t\t\t\t\t\t<\/div>\n\t\t\t\t<div class=\"elementor-element elementor-element-0f2c067 elementor-widget elementor-widget-text-editor\" data-id=\"0f2c067\" data-element_type=\"widget\" data-e-type=\"widget\" data-widget_type=\"text-editor.default\">\n\t\t\t\t\t\t\t\t\t<p>Echipa CadouRapid<\/p>\t\t\t\t\t\t\t\t<\/div>\n\t\t\t\t<\/div>\n\t\t\t\t<div class=\"elementor-element elementor-element-c79bd15 elementor-widget__width-initial elementor-widget-tablet__width-inherit elementor-widget elementor-widget-image\" data-id=\"c79bd15\" data-element_type=\"widget\" data-e-type=\"widget\" data-widget_type=\"image.default\">\n\t\t\t\t\t\t\t\t\t\t\t\t\t\t\t<img loading=\"lazy\" decoding=\"async\" width=\"1024\" height=\"559\" src=\"https:\/\/cadourapid.com\/wp-content\/uploads\/2026\/03\/PozaInscriptionariu.jpg\" class=\"attachment-full size-full wp-image-3468\" alt=\"\" srcset=\"https:\/\/cadourapid.com\/wp-content\/uploads\/2026\/03\/PozaInscriptionariu.jpg 1024w, https:\/\/cadourapid.com\/wp-content\/uploads\/2026\/03\/PozaInscriptionariu-300x164.jpg 300w, https:\/\/cadourapid.com\/wp-content\/uploads\/2026\/03\/PozaInscriptionariu-768x419.jpg 768w, https:\/\/cadourapid.com\/wp-content\/uploads\/2026\/03\/PozaInscriptionariu-600x328.jpg 600w\" sizes=\"(max-width: 1024px) 100vw, 1024px\" \/>\t\t\t\t\t\t\t\t\t\t\t\t\t\t\t<\/div>\n\t\t\t\t\t<\/div>\n\t\t\t\t<\/div>\n\t\t\t\t<\/div>\n\t\t","protected":false},"excerpt":{"rendered":"<p>Magnet Personalizat Magnet personalizat P\u0103streaz\u0103 momentele speciale mereu la vedere.\u00a0 Cadoul Ideal Culori vibrante Livrare rapida Cumpara acum CUMPARA ACUM Plata securizata Plat\u0103 100% sigur\u0103 Retur \u00een 30 de zile Retur garantat dac\u0103 produsul prezint\u0103 probleme Suport 24\/7 Asisten\u021b\u0103 dedicat\u0103 clien\u021bilor Descopera cele mai noi produse Produse Noi Cum realizam produsele tale personalizate Fiecare comand\u0103 [&hellip;]<\/p>\n","protected":false},"author":1,"featured_media":0,"parent":0,"menu_order":0,"comment_status":"closed","ping_status":"closed","template":"","meta":{"footnotes":""},"class_list":["post-3072","page","type-page","status-publish","hentry"],"blocksy_meta":{"has_hero_section":"disabled","styles_descriptor":{"styles":{"desktop":"","tablet":"","mobile":""},"google_fonts":[],"version":6},"vertical_spacing_source":"custom","content_area_spacing":"none"},"_hostinger_reach_plugin_has_subscription_block":false,"_hostinger_reach_plugin_is_elementor":false,"_links":{"self":[{"href":"https:\/\/cadourapid.com\/index.php?rest_route=\/wp\/v2\/pages\/3072","targetHints":{"allow":["GET"]}}],"collection":[{"href":"https:\/\/cadourapid.com\/index.php?rest_route=\/wp\/v2\/pages"}],"about":[{"href":"https:\/\/cadourapid.com\/index.php?rest_route=\/wp\/v2\/types\/page"}],"author":[{"embeddable":true,"href":"https:\/\/cadourapid.com\/index.php?rest_route=\/wp\/v2\/users\/1"}],"replies":[{"embeddable":true,"href":"https:\/\/cadourapid.com\/index.php?rest_route=%2Fwp%2Fv2%2Fcomments&post=3072"}],"version-history":[{"count":93,"href":"https:\/\/cadourapid.com\/index.php?rest_route=\/wp\/v2\/pages\/3072\/revisions"}],"predecessor-version":[{"id":3547,"href":"https:\/\/cadourapid.com\/index.php?rest_route=\/wp\/v2\/pages\/3072\/revisions\/3547"}],"wp:attachment":[{"href":"https:\/\/cadourapid.com\/index.php?rest_route=%2Fwp%2Fv2%2Fmedia&parent=3072"}],"curies":[{"name":"wp","href":"https:\/\/api.w.org\/{rel}","templated":true}]}}