{"id":3541,"date":"2026-03-03T11:57:57","date_gmt":"2026-03-03T11:57:57","guid":{"rendered":"https:\/\/cadourapid.com\/?post_type=product&#038;p=3541"},"modified":"2026-03-06T11:19:15","modified_gmt":"2026-03-06T11:19:15","slug":"cana-personalizata","status":"publish","type":"product","link":"https:\/\/cadourapid.com\/?product=cana-personalizata","title":{"rendered":"Cana Personalizata"},"content":{"rendered":"<p data-start=\"391\" data-end=\"524\"><strong data-start=\"394\" data-end=\"421\">Cum trimi\u021bi fotografia?<\/strong><br data-start=\"421\" data-end=\"424\" \/>Dup\u0103 plasarea comenzii, trimite poza pe WhatsApp la \ud83d\udcf1 0733 898 857 \u0219i men\u021bioneaz\u0103 num\u0103rul comenzii.<\/p>\n<p data-start=\"526\" data-end=\"639\">\u2714 Verific\u0103m calitatea imaginii<br data-start=\"556\" data-end=\"559\" \/>\u2714 Confirm\u0103m dac\u0103 este potrivit\u0103 pentru print<br data-start=\"603\" data-end=\"606\" \/>\u2714 Te anun\u021b\u0103m \u00eenainte de realizare<\/p>\n","protected":false},"excerpt":{"rendered":"<p>Cum trimi\u021bi fotografia?Dup\u0103 plasarea comenzii, trimite poza pe WhatsApp la \ud83d\udcf1 0733 898 857 \u0219i men\u021bioneaz\u0103 num\u0103rul comenzii. \u2714 Verific\u0103m calitatea imaginii\u2714 Confirm\u0103m dac\u0103 este potrivit\u0103 pentru print\u2714 Te anun\u021b\u0103m \u00eenainte de realizare<\/p>\n","protected":false},"featured_media":3466,"template":"","meta":[],"product_brand":[],"product_cat":[25],"product_tag":[],"class_list":{"0":"post-3541","1":"product","2":"type-product","3":"status-publish","4":"has-post-thumbnail","6":"product_cat-lucruri-personalizate","8":"first","9":"instock","10":"sale","11":"shipping-taxable","12":"purchasable","13":"product-type-simple"},"_links":{"self":[{"href":"https:\/\/cadourapid.com\/index.php?rest_route=\/wp\/v2\/product\/3541","targetHints":{"allow":["GET"]}}],"collection":[{"href":"https:\/\/cadourapid.com\/index.php?rest_route=\/wp\/v2\/product"}],"about":[{"href":"https:\/\/cadourapid.com\/index.php?rest_route=\/wp\/v2\/types\/product"}],"wp:featuredmedia":[{"embeddable":true,"href":"https:\/\/cadourapid.com\/index.php?rest_route=\/wp\/v2\/media\/3466"}],"wp:attachment":[{"href":"https:\/\/cadourapid.com\/index.php?rest_route=%2Fwp%2Fv2%2Fmedia&parent=3541"}],"wp:term":[{"taxonomy":"product_brand","embeddable":true,"href":"https:\/\/cadourapid.com\/index.php?rest_route=%2Fwp%2Fv2%2Fproduct_brand&post=3541"},{"taxonomy":"product_cat","embeddable":true,"href":"https:\/\/cadourapid.com\/index.php?rest_route=%2Fwp%2Fv2%2Fproduct_cat&post=3541"},{"taxonomy":"product_tag","embeddable":true,"href":"https:\/\/cadourapid.com\/index.php?rest_route=%2Fwp%2Fv2%2Fproduct_tag&post=3541"}],"curies":[{"name":"wp","href":"https:\/\/api.w.org\/{rel}","templated":true}]}}